{"id":115,"date":"2025-02-18T18:16:10","date_gmt":"2025-02-18T18:16:10","guid":{"rendered":"https:\/\/smartphun.com\/?post_type=product&#038;p=115"},"modified":"2025-02-18T18:16:34","modified_gmt":"2025-02-18T18:16:34","slug":"boitier-disque-dur-ssd","status":"publish","type":"product","link":"https:\/\/smartphun.com\/?product=boitier-disque-dur-ssd","title":{"rendered":"Boitier disque dur SSD"},"content":{"rendered":"<p>Bo\u00eetier USB 3.0 pour disque dur SATA SSD de 2.5 pouces avec vitesse de transfert de 5Gbps<\/p>\n<p>&#8211; Bo\u00eetier de disque dur USB 2.5 Micro vers SATA de 3.0 pouces<br \/>\n&#8211; Prend en charge tous les disques durs et SSD SATA I\/II\/III standard de 7mm\/9.5mm 2.5 pouces &#8211; Installation sans outil; plug and play hot-swap.<br \/>\n&#8211; Voyant bleu lorsque l&rsquo;alimentation est allum\u00e9e, et le voyant bleu clignote lors de la lecture et de l&rsquo;\u00e9criture des donn\u00e9es<br \/>\n&#8211; Syst\u00e8mes d&rsquo;exploitation compatibles: Windows 98 \/ 2000 \/ XP \/ Vista \/ 7 \/ 8 \/ 10\/11, Linux, Mac OS 9.1 et plus r\u00e9cents<br \/>\n&#8211; 70% plus rapide que l&rsquo;USB 3.0 traditionnel avec le protocole de transfert UASP; qui peut acc\u00e9l\u00e9rer la vitesse de lecture et d&rsquo;\u00e9criture du disque dur SSD.<br \/>\n&#8211; Puce contr\u00f4leur JMS578. Conception enti\u00e8rement transparente<br \/>\n&#8211; Dimensions: 125*79*13mm<br \/>\n&#8211; Cable fourni. Disque dur non fourni.<\/p>\n","protected":false},"excerpt":{"rendered":"<p>Bo\u00eetier USB 3.0 pour disque dur SATA SSD de 2.5 pouces avec vitesse de transfert de 5Gbps &#8211; Bo\u00eetier de disque dur USB 2.5 Micro vers SATA de 3.0 pouces &#8211; Prend en charge tous les disques durs et SSD SATA I\/II\/III standard de 7mm\/9.5mm 2.5 pouces &#8211; Installation sans outil; plug and play hot-swap. [&#8230;]\n","protected":false},"featured_media":116,"comment_status":"open","ping_status":"closed","template":"","meta":[],"product_brand":[],"product_cat":[21],"product_tag":[],"class_list":{"0":"post-115","1":"product","2":"type-product","3":"status-publish","4":"has-post-thumbnail","6":"product_cat-boitiers","8":"first","9":"instock","10":"shipping-taxable","11":"purchasable","12":"product-type-simple"},"jetpack_sharing_enabled":true,"_links":{"self":[{"href":"https:\/\/smartphun.com\/index.php?rest_route=\/wp\/v2\/product\/115","targetHints":{"allow":["GET"]}}],"collection":[{"href":"https:\/\/smartphun.com\/index.php?rest_route=\/wp\/v2\/product"}],"about":[{"href":"https:\/\/smartphun.com\/index.php?rest_route=\/wp\/v2\/types\/product"}],"replies":[{"embeddable":true,"href":"https:\/\/smartphun.com\/index.php?rest_route=%2Fwp%2Fv2%2Fcomments&post=115"}],"wp:featuredmedia":[{"embeddable":true,"href":"https:\/\/smartphun.com\/index.php?rest_route=\/wp\/v2\/media\/116"}],"wp:attachment":[{"href":"https:\/\/smartphun.com\/index.php?rest_route=%2Fwp%2Fv2%2Fmedia&parent=115"}],"wp:term":[{"taxonomy":"product_brand","embeddable":true,"href":"https:\/\/smartphun.com\/index.php?rest_route=%2Fwp%2Fv2%2Fproduct_brand&post=115"},{"taxonomy":"product_cat","embeddable":true,"href":"https:\/\/smartphun.com\/index.php?rest_route=%2Fwp%2Fv2%2Fproduct_cat&post=115"},{"taxonomy":"product_tag","embeddable":true,"href":"https:\/\/smartphun.com\/index.php?rest_route=%2Fwp%2Fv2%2Fproduct_tag&post=115"}],"curies":[{"name":"wp","href":"https:\/\/api.w.org\/{rel}","templated":true}]}}