{"id":133,"date":"2025-02-25T17:24:57","date_gmt":"2025-02-25T17:24:57","guid":{"rendered":"https:\/\/smartphun.com\/?post_type=product&#038;p=133"},"modified":"2025-02-25T17:24:57","modified_gmt":"2025-02-25T17:24:57","slug":"cable-hdmi-vers-rca","status":"publish","type":"product","link":"https:\/\/smartphun.com\/?product=cable-hdmi-vers-rca","title":{"rendered":"Cable HDMI vers RCA"},"content":{"rendered":"<p>Cable HDMI vers RCA<\/p>\n<p>Adaptateur convertisseur audio vid\u00e9o AV vers 3 RCA<br \/>\nResolution 1080P<br \/>\nConnecteurs plaqu\u00e9s or pour un meilleur transfert de signal<br \/>\nFonctionne comme un \u00e9metteur de signal, mais PAS comme un convertisseur de signal.<br \/>\nSupporte r\u00e9solution 480i, 480p, 720p, 1080i, 1080p<br \/>\nCouleur: noir<br \/>\nLongueur du c\u00e2ble 1.5 m<\/p>\n","protected":false},"excerpt":{"rendered":"<p>Cable HDMI vers RCA Adaptateur convertisseur audio vid\u00e9o AV vers 3 RCA Resolution 1080P Connecteurs plaqu\u00e9s or pour un meilleur transfert de signal Fonctionne comme un \u00e9metteur de signal, mais PAS comme un convertisseur de signal. Supporte r\u00e9solution 480i, 480p, 720p, 1080i, 1080p Couleur: noir Longueur du c\u00e2ble 1.5 m<\/p>\n","protected":false},"featured_media":134,"comment_status":"open","ping_status":"closed","template":"","meta":[],"product_brand":[],"product_cat":[18],"product_tag":[],"class_list":{"0":"post-133","1":"product","2":"type-product","3":"status-publish","4":"has-post-thumbnail","6":"product_cat-cables","8":"first","9":"instock","10":"shipping-taxable","11":"purchasable","12":"product-type-simple"},"jetpack_sharing_enabled":true,"_links":{"self":[{"href":"https:\/\/smartphun.com\/index.php?rest_route=\/wp\/v2\/product\/133","targetHints":{"allow":["GET"]}}],"collection":[{"href":"https:\/\/smartphun.com\/index.php?rest_route=\/wp\/v2\/product"}],"about":[{"href":"https:\/\/smartphun.com\/index.php?rest_route=\/wp\/v2\/types\/product"}],"replies":[{"embeddable":true,"href":"https:\/\/smartphun.com\/index.php?rest_route=%2Fwp%2Fv2%2Fcomments&post=133"}],"wp:featuredmedia":[{"embeddable":true,"href":"https:\/\/smartphun.com\/index.php?rest_route=\/wp\/v2\/media\/134"}],"wp:attachment":[{"href":"https:\/\/smartphun.com\/index.php?rest_route=%2Fwp%2Fv2%2Fmedia&parent=133"}],"wp:term":[{"taxonomy":"product_brand","embeddable":true,"href":"https:\/\/smartphun.com\/index.php?rest_route=%2Fwp%2Fv2%2Fproduct_brand&post=133"},{"taxonomy":"product_cat","embeddable":true,"href":"https:\/\/smartphun.com\/index.php?rest_route=%2Fwp%2Fv2%2Fproduct_cat&post=133"},{"taxonomy":"product_tag","embeddable":true,"href":"https:\/\/smartphun.com\/index.php?rest_route=%2Fwp%2Fv2%2Fproduct_tag&post=133"}],"curies":[{"name":"wp","href":"https:\/\/api.w.org\/{rel}","templated":true}]}}