{"id":139,"date":"2025-02-25T17:35:15","date_gmt":"2025-02-25T17:35:15","guid":{"rendered":"https:\/\/smartphun.com\/?post_type=product&#038;p=139"},"modified":"2025-02-25T17:36:10","modified_gmt":"2025-02-25T17:36:10","slug":"cable-lightning-vers-rca-compatible-iphone-ipad-ipod-2012-22","status":"publish","type":"product","link":"https:\/\/smartphun.com\/?product=cable-lightning-vers-rca-compatible-iphone-ipad-ipod-2012-22","title":{"rendered":"Cable Lightning vers RCA (compatible iPhone\/iPad\/iPod 2012\/22)"},"content":{"rendered":"<p>C\u00e2ble lightning vers RCA (compatible iPhone\/iPad\/iPod 2012\/22)<\/p>\n<p>Permet de relier votre iPhone \u00e0 un ampli ou une table de mixage et b\u00e9n\u00e9ficier ainsi d&rsquo;un son en qualit\u00e9 CD.<br \/>\nConnecteurs plaqu\u00e9 or et cuivre.<br \/>\nCouleur : noir<br \/>\nLongueur : 1.80m<\/p>\n","protected":false},"excerpt":{"rendered":"<p>C\u00e2ble lightning vers RCA (compatible iPhone\/iPad\/iPod 2012\/22) Permet de relier votre iPhone \u00e0 un ampli ou une table de mixage et b\u00e9n\u00e9ficier ainsi d&rsquo;un son en qualit\u00e9 CD. Connecteurs plaqu\u00e9 or et cuivre. Couleur : noir Longueur : 1.80m<\/p>\n","protected":false},"featured_media":140,"comment_status":"open","ping_status":"closed","template":"","meta":[],"product_brand":[],"product_cat":[18],"product_tag":[],"class_list":{"0":"post-139","1":"product","2":"type-product","3":"status-publish","4":"has-post-thumbnail","6":"product_cat-cables","8":"first","9":"instock","10":"shipping-taxable","11":"purchasable","12":"product-type-simple"},"jetpack_sharing_enabled":true,"_links":{"self":[{"href":"https:\/\/smartphun.com\/index.php?rest_route=\/wp\/v2\/product\/139","targetHints":{"allow":["GET"]}}],"collection":[{"href":"https:\/\/smartphun.com\/index.php?rest_route=\/wp\/v2\/product"}],"about":[{"href":"https:\/\/smartphun.com\/index.php?rest_route=\/wp\/v2\/types\/product"}],"replies":[{"embeddable":true,"href":"https:\/\/smartphun.com\/index.php?rest_route=%2Fwp%2Fv2%2Fcomments&post=139"}],"wp:featuredmedia":[{"embeddable":true,"href":"https:\/\/smartphun.com\/index.php?rest_route=\/wp\/v2\/media\/140"}],"wp:attachment":[{"href":"https:\/\/smartphun.com\/index.php?rest_route=%2Fwp%2Fv2%2Fmedia&parent=139"}],"wp:term":[{"taxonomy":"product_brand","embeddable":true,"href":"https:\/\/smartphun.com\/index.php?rest_route=%2Fwp%2Fv2%2Fproduct_brand&post=139"},{"taxonomy":"product_cat","embeddable":true,"href":"https:\/\/smartphun.com\/index.php?rest_route=%2Fwp%2Fv2%2Fproduct_cat&post=139"},{"taxonomy":"product_tag","embeddable":true,"href":"https:\/\/smartphun.com\/index.php?rest_route=%2Fwp%2Fv2%2Fproduct_tag&post=139"}],"curies":[{"name":"wp","href":"https:\/\/api.w.org\/{rel}","templated":true}]}}