{"id":157,"date":"2025-02-26T21:09:53","date_gmt":"2025-02-26T21:09:53","guid":{"rendered":"https:\/\/smartphun.com\/?post_type=product&#038;p=157"},"modified":"2025-02-26T21:09:53","modified_gmt":"2025-02-26T21:09:53","slug":"cable-magsafe2-usb-c-macbook-air-pro-2012-2019","status":"publish","type":"product","link":"https:\/\/smartphun.com\/?product=cable-magsafe2-usb-c-macbook-air-pro-2012-2019","title":{"rendered":"Cable Magsafe2 USB-C (MacBook Air\/Pro 2012-2019)"},"content":{"rendered":"<p>Cable Magsafe2 USB-C (MacBook Air\/Pro 2012-2019)<\/p>\n<p>Permet de charger un Macbook Air\/Pro retina avec un chargeur \u00e9quip\u00e9 d&rsquo;un port USB-C<\/p>\n<p>Mod\u00e8les A1466A1436 A1465 MD760 MD711 (45W)<\/p>\n<p>Mod\u00e8les A1502 A1425 A1435 MC865 M\u0415864 MF839 (60W)<\/p>\n","protected":false},"excerpt":{"rendered":"<p>Cable Magsafe2 USB-C (MacBook Air\/Pro 2012-2019) Permet de charger un Macbook Air\/Pro retina avec un chargeur \u00e9quip\u00e9 d&rsquo;un port USB-C Mod\u00e8les A1466A1436 A1465 MD760 MD711 (45W) Mod\u00e8les A1502 A1425 A1435 MC865 M\u0415864 MF839 (60W)<\/p>\n","protected":false},"featured_media":158,"comment_status":"open","ping_status":"closed","template":"","meta":[],"product_brand":[],"product_cat":[18],"product_tag":[],"class_list":{"0":"post-157","1":"product","2":"type-product","3":"status-publish","4":"has-post-thumbnail","6":"product_cat-cables","8":"first","9":"instock","10":"shipping-taxable","11":"purchasable","12":"product-type-simple"},"jetpack_sharing_enabled":true,"_links":{"self":[{"href":"https:\/\/smartphun.com\/index.php?rest_route=\/wp\/v2\/product\/157","targetHints":{"allow":["GET"]}}],"collection":[{"href":"https:\/\/smartphun.com\/index.php?rest_route=\/wp\/v2\/product"}],"about":[{"href":"https:\/\/smartphun.com\/index.php?rest_route=\/wp\/v2\/types\/product"}],"replies":[{"embeddable":true,"href":"https:\/\/smartphun.com\/index.php?rest_route=%2Fwp%2Fv2%2Fcomments&post=157"}],"wp:featuredmedia":[{"embeddable":true,"href":"https:\/\/smartphun.com\/index.php?rest_route=\/wp\/v2\/media\/158"}],"wp:attachment":[{"href":"https:\/\/smartphun.com\/index.php?rest_route=%2Fwp%2Fv2%2Fmedia&parent=157"}],"wp:term":[{"taxonomy":"product_brand","embeddable":true,"href":"https:\/\/smartphun.com\/index.php?rest_route=%2Fwp%2Fv2%2Fproduct_brand&post=157"},{"taxonomy":"product_cat","embeddable":true,"href":"https:\/\/smartphun.com\/index.php?rest_route=%2Fwp%2Fv2%2Fproduct_cat&post=157"},{"taxonomy":"product_tag","embeddable":true,"href":"https:\/\/smartphun.com\/index.php?rest_route=%2Fwp%2Fv2%2Fproduct_tag&post=157"}],"curies":[{"name":"wp","href":"https:\/\/api.w.org\/{rel}","templated":true}]}}