{"id":217,"date":"2025-04-01T19:54:46","date_gmt":"2025-04-01T19:54:46","guid":{"rendered":"https:\/\/smartphun.com\/?post_type=product&#038;p=217"},"modified":"2025-04-01T19:56:40","modified_gmt":"2025-04-01T19:56:40","slug":"cable-rca-vers-rca-nylon-tresse-5-metres","status":"publish","type":"product","link":"https:\/\/smartphun.com\/?product=cable-rca-vers-rca-nylon-tresse-5-metres","title":{"rendered":"Cable RCA vers RCA nylon tress\u00e9 5 m\u00e8tres"},"content":{"rendered":"<p>Cable RCA vers RCA (s\u00e9par\u00e9s) nylon tress\u00e9 5m\u00e8tres qualit\u00e9 premium.<br \/>\nDouble RCA vers double RCA.<br \/>\nFiches noires et rouges, connecteurs dor\u00e9s.<br \/>\nLongueur: 5m<\/p>\n","protected":false},"excerpt":{"rendered":"<p>Cable RCA vers RCA (s\u00e9par\u00e9s) nylon tress\u00e9 5m\u00e8tres qualit\u00e9 premium. Double RCA vers double RCA. Fiches noires et rouges, connecteurs dor\u00e9s. Longueur: 5m<\/p>\n","protected":false},"featured_media":218,"comment_status":"open","ping_status":"closed","template":"","meta":[],"product_brand":[],"product_cat":[18],"product_tag":[],"class_list":{"0":"post-217","1":"product","2":"type-product","3":"status-publish","4":"has-post-thumbnail","6":"product_cat-cables","8":"first","9":"instock","10":"shipping-taxable","11":"purchasable","12":"product-type-simple"},"jetpack_sharing_enabled":true,"_links":{"self":[{"href":"https:\/\/smartphun.com\/index.php?rest_route=\/wp\/v2\/product\/217","targetHints":{"allow":["GET"]}}],"collection":[{"href":"https:\/\/smartphun.com\/index.php?rest_route=\/wp\/v2\/product"}],"about":[{"href":"https:\/\/smartphun.com\/index.php?rest_route=\/wp\/v2\/types\/product"}],"replies":[{"embeddable":true,"href":"https:\/\/smartphun.com\/index.php?rest_route=%2Fwp%2Fv2%2Fcomments&post=217"}],"wp:featuredmedia":[{"embeddable":true,"href":"https:\/\/smartphun.com\/index.php?rest_route=\/wp\/v2\/media\/218"}],"wp:attachment":[{"href":"https:\/\/smartphun.com\/index.php?rest_route=%2Fwp%2Fv2%2Fmedia&parent=217"}],"wp:term":[{"taxonomy":"product_brand","embeddable":true,"href":"https:\/\/smartphun.com\/index.php?rest_route=%2Fwp%2Fv2%2Fproduct_brand&post=217"},{"taxonomy":"product_cat","embeddable":true,"href":"https:\/\/smartphun.com\/index.php?rest_route=%2Fwp%2Fv2%2Fproduct_cat&post=217"},{"taxonomy":"product_tag","embeddable":true,"href":"https:\/\/smartphun.com\/index.php?rest_route=%2Fwp%2Fv2%2Fproduct_tag&post=217"}],"curies":[{"name":"wp","href":"https:\/\/api.w.org\/{rel}","templated":true}]}}