{"id":226,"date":"2025-04-02T19:42:47","date_gmt":"2025-04-02T19:42:47","guid":{"rendered":"https:\/\/smartphun.com\/?post_type=product&#038;p=226"},"modified":"2025-04-02T20:58:34","modified_gmt":"2025-04-02T20:58:34","slug":"chargeur-140w-5-ports","status":"publish","type":"product","link":"https:\/\/smartphun.com\/?product=chargeur-140w-5-ports","title":{"rendered":"Chargeur 140W 5 ports"},"content":{"rendered":"<p class=\"p1\">Technologie du [URL masqu\u00e9e pour votre s\u00e9curit\u00e9] station de charge multi-ports Toocki 140W USB Charger utilise la technologie GaN, ce qui la rend plus petite et plus efficace que les chargeurs traditionnels.<\/p>\n<p class=\"p1\">Charge rapide:Avec les protocoles de charge rapide Huawei et un \u00e9cran LED, ce chargeur peut charger rapidement vos appareils.<\/p>\n<p class=\"p1\">Ports multiples:Avec trois ports usb-C, vous pouvez charger plusieurs appareils \u00e0 la fois, ce qui vous permet d&rsquo;\u00e9conomiser du temps et des efforts.<\/p>\n<p class=\"p1\">Puissance \u00e9lev\u00e9e:Avec une puissance de 140W, ce chargeur peut g\u00e9rer m\u00eame les appareils les plus gourmands en \u00e9nergie comme le MacBook Pro.<\/p>\n<p class=\"p1\">Caract\u00e9ristiques:<\/p>\n<p class=\"p1\">[Chargeur 140W OutportDesktop GaN \u00e0 cinq ports]140W haute puissance, sortie \u00e0 cinq ports, c\u00e2ble d&rsquo;extension CA de 1.5m, nouvelle technologie GaN, charge compl\u00e8te pour AppleBook Pro en 2 heures Frais pour iPhone 13 \u00e0 60% en 30 minutes<\/p>\n<p class=\"p1\">[Sortie \u00e0 cinq ports]Avec 5 sorties, vous pouvez charger jusqu&rsquo;\u00e0 cinq appareils en m\u00eame temps, r\u00e9pondant \u00e0 tous vos besoins de charge pour les ordinateurs portables, tablettes, t\u00e9l\u00e9phones, consoles de jeux, banques d&rsquo;alimentation, petits appareils domestiques et plus encore.<\/p>\n<p class=\"p1\">[Nouvelle technologie GaN]Des performances plus brillantes Le chargeur de bureau est pris en charge par la nouvelle technologie GaN, cr\u00e9ant une taille plus petite et une vitesse de charge plus rapide avec la s\u00e9curit\u00e9 comme pr\u00e9misse.<\/p>\n<p class=\"p1\">[L&rsquo;excellence en d\u00e9tail]Se sentir plus intime Le chargeur de bureau est \u00e9quip\u00e9 d&rsquo;un support en forme de U robuste et pratique pour aider \u00e0 soutenir le chargeur, afin qu&rsquo;il puisse \u00eatre plac\u00e9 en toute s\u00e9curit\u00e9 sur le bureau et garder votre bureau bien rang\u00e9.<\/p>\n<p class=\"p1\">Compatibilit\u00e9 large<\/p>\n<p class=\"p1\">Pour Apple:AppleBook Pro 16, AppleBook Pro 13, AppleBook Air etc. Pour Huawei:MateBook 14\/13, MateBook X\/X Pro 2019, MateBook D Series etc. Pour Xiaomi:Pro15.6, Air12.5\/13.3 etc. Pour Lenovo:Xiaoxin Air\/Pro Series, ThinkPad X Series etc. Pour Dell:XPS 17, XPS 1 etc. Pad Pro11, Pad Pro12.9, Pad mini5, Pad Air3 etc. Pour iPhone\/Huawei<\/p>\n<p class=\"p1\">Sp\u00e9cification:<\/p>\n<p class=\"p1\">Couleur: Noir Mat\u00e9riel: PC<\/p>\n<p class=\"p1\">Sp\u00e9cifications: UE, ROYAUME-UNI, ROYAUME-UNI, KR<\/p>\n<p class=\"p1\">Entr\u00e9e: 100-240V ~ 50\/60Hz 2.5A Max.<\/p>\n<p class=\"p1\">Sortie Type-C1: 5V\/3A; 9V\/3A; 12V\/3A; 15V\/3A; 20V\/5A(100W Max.)<\/p>\n<p class=\"p1\">Sortie Type-C2: 5V\/3A; 9V\/3A; 12V\/3A; 15V\/3A; 20V\/5A(100W Max.)<\/p>\n<p class=\"p1\">Sortie Type-C3: 5V\/3A; 9V\/3A; 12V\/3A; 15V\/3A; 20V\/5A(100W Max.)<\/p>\n<p class=\"p1\">USB-A1 de sortie: 5V\/3A; 9V\/3A; 12V\/3A; 20V\/3A(60W max.)<\/p>\n<p class=\"p1\">USB-A2 de sortie: 5V\/3A; 9V\/3A; 12V\/3A; 20V\/3A(60W max.)<\/p>\n<p class=\"p1\">Puissance de sortie totale: 140W Max.<\/p>\n","protected":false},"excerpt":{"rendered":"<p>Technologie du [URL masqu\u00e9e pour votre s\u00e9curit\u00e9] station de charge multi-ports Toocki 140W USB Charger utilise la technologie GaN, ce qui la rend plus petite et plus efficace que les chargeurs traditionnels. Charge rapide:Avec les protocoles de charge rapide Huawei et un \u00e9cran LED, ce chargeur peut charger rapidement vos appareils. Ports multiples:Avec trois ports [&#8230;]\n","protected":false},"featured_media":233,"comment_status":"open","ping_status":"closed","template":"","meta":[],"product_brand":[],"product_cat":[37],"product_tag":[],"class_list":{"0":"post-226","1":"product","2":"type-product","3":"status-publish","4":"has-post-thumbnail","6":"product_cat-chargeurs","8":"first","9":"instock","10":"shipping-taxable","11":"purchasable","12":"product-type-simple"},"jetpack_sharing_enabled":true,"_links":{"self":[{"href":"https:\/\/smartphun.com\/index.php?rest_route=\/wp\/v2\/product\/226","targetHints":{"allow":["GET"]}}],"collection":[{"href":"https:\/\/smartphun.com\/index.php?rest_route=\/wp\/v2\/product"}],"about":[{"href":"https:\/\/smartphun.com\/index.php?rest_route=\/wp\/v2\/types\/product"}],"replies":[{"embeddable":true,"href":"https:\/\/smartphun.com\/index.php?rest_route=%2Fwp%2Fv2%2Fcomments&post=226"}],"wp:featuredmedia":[{"embeddable":true,"href":"https:\/\/smartphun.com\/index.php?rest_route=\/wp\/v2\/media\/233"}],"wp:attachment":[{"href":"https:\/\/smartphun.com\/index.php?rest_route=%2Fwp%2Fv2%2Fmedia&parent=226"}],"wp:term":[{"taxonomy":"product_brand","embeddable":true,"href":"https:\/\/smartphun.com\/index.php?rest_route=%2Fwp%2Fv2%2Fproduct_brand&post=226"},{"taxonomy":"product_cat","embeddable":true,"href":"https:\/\/smartphun.com\/index.php?rest_route=%2Fwp%2Fv2%2Fproduct_cat&post=226"},{"taxonomy":"product_tag","embeddable":true,"href":"https:\/\/smartphun.com\/index.php?rest_route=%2Fwp%2Fv2%2Fproduct_tag&post=226"}],"curies":[{"name":"wp","href":"https:\/\/api.w.org\/{rel}","templated":true}]}}