{"id":268,"date":"2025-02-12T17:05:29","date_gmt":"2025-02-12T17:05:29","guid":{"rendered":"https:\/\/smartphun.com\/?post_type=product&#038;p=268"},"modified":"2025-04-08T17:13:00","modified_gmt":"2025-04-08T17:13:00","slug":"coque-transparente-en-silicone-pour-iphone-series-12-13","status":"publish","type":"product","link":"https:\/\/smartphun.com\/?product=coque-transparente-en-silicone-pour-iphone-series-12-13","title":{"rendered":"Coque transparente en silicone pour iPhone s\u00e9ries 12-13"},"content":{"rendered":"<p>Coque transparente en silicone pour iPhone s\u00e9ries 12-13<\/p>\n<ul>\n<li class=\"\" data-start=\"92\" data-end=\"140\">\n<p class=\"\" data-start=\"94\" data-end=\"140\">D\u00e9coupes pr\u00e9cises pour un ajustement parfait<\/p>\n<\/li>\n<li class=\"\" data-start=\"141\" data-end=\"178\">\n<p class=\"\" data-start=\"143\" data-end=\"178\">Protection optimale de l\u2019objectif<\/p>\n<\/li>\n<li class=\"\" data-start=\"179\" data-end=\"227\">\n<p class=\"\" data-start=\"181\" data-end=\"227\">S\u00e9curit\u00e9 assur\u00e9e \u00e0 l\u2019avant comme \u00e0 l\u2019arri\u00e8re<\/p>\n<\/li>\n<li class=\"\" data-start=\"228\" data-end=\"275\">\n<p class=\"\" data-start=\"230\" data-end=\"275\">Transparence cristalline pour un look \u00e9pur\u00e9<\/p>\n<\/li>\n<li class=\"\" data-start=\"276\" data-end=\"325\">\n<p class=\"\" data-start=\"278\" data-end=\"325\">R\u00e9sistance aux chocs et protection anti-chute<\/p>\n<\/li>\n<li class=\"\" data-start=\"326\" data-end=\"361\">\n<p class=\"\" data-start=\"328\" data-end=\"361\">Design fin et robuste \u00e0 la fois<\/p>\n<\/li>\n<li class=\"\" data-start=\"362\" data-end=\"408\">\n<p class=\"\" data-start=\"364\" data-end=\"408\">Anti-jaunissement durable, fini gras \u00e9vit\u00e9<\/p>\n<\/li>\n<li class=\"\" data-start=\"409\" data-end=\"451\">\n<p class=\"\" data-start=\"411\" data-end=\"451\">Surface anti-traces et anti-salissures<\/p>\n<\/li>\n<li class=\"\" data-start=\"452\" data-end=\"495\">\n<p class=\"\" data-start=\"454\" data-end=\"495\">Souple, tendance et agr\u00e9able au toucher<\/p>\n<\/li>\n<li class=\"\" data-start=\"496\" data-end=\"546\">\n<p class=\"\" data-start=\"498\" data-end=\"546\">Boutons confortables pour une utilisation fluide<\/p>\n<\/li>\n<\/ul>\n","protected":false},"excerpt":{"rendered":"<p>Coque transparente en silicone pour iPhone s\u00e9ries 12-13 D\u00e9coupes pr\u00e9cises pour un ajustement parfait Protection optimale de l\u2019objectif S\u00e9curit\u00e9 assur\u00e9e \u00e0 l\u2019avant comme \u00e0 l\u2019arri\u00e8re Transparence cristalline pour un look \u00e9pur\u00e9 R\u00e9sistance aux chocs et protection anti-chute Design fin et robuste \u00e0 la fois Anti-jaunissement durable, fini gras \u00e9vit\u00e9 Surface anti-traces et anti-salissures Souple, tendance [&#8230;]\n","protected":false},"featured_media":269,"comment_status":"open","ping_status":"closed","template":"","meta":[],"product_brand":[],"product_cat":[41],"product_tag":[],"class_list":{"0":"post-268","1":"product","2":"type-product","3":"status-publish","4":"has-post-thumbnail","6":"product_cat-coques","8":"first","9":"instock","10":"shipping-taxable","11":"purchasable","12":"product-type-simple"},"jetpack_sharing_enabled":true,"_links":{"self":[{"href":"https:\/\/smartphun.com\/index.php?rest_route=\/wp\/v2\/product\/268","targetHints":{"allow":["GET"]}}],"collection":[{"href":"https:\/\/smartphun.com\/index.php?rest_route=\/wp\/v2\/product"}],"about":[{"href":"https:\/\/smartphun.com\/index.php?rest_route=\/wp\/v2\/types\/product"}],"replies":[{"embeddable":true,"href":"https:\/\/smartphun.com\/index.php?rest_route=%2Fwp%2Fv2%2Fcomments&post=268"}],"wp:featuredmedia":[{"embeddable":true,"href":"https:\/\/smartphun.com\/index.php?rest_route=\/wp\/v2\/media\/269"}],"wp:attachment":[{"href":"https:\/\/smartphun.com\/index.php?rest_route=%2Fwp%2Fv2%2Fmedia&parent=268"}],"wp:term":[{"taxonomy":"product_brand","embeddable":true,"href":"https:\/\/smartphun.com\/index.php?rest_route=%2Fwp%2Fv2%2Fproduct_brand&post=268"},{"taxonomy":"product_cat","embeddable":true,"href":"https:\/\/smartphun.com\/index.php?rest_route=%2Fwp%2Fv2%2Fproduct_cat&post=268"},{"taxonomy":"product_tag","embeddable":true,"href":"https:\/\/smartphun.com\/index.php?rest_route=%2Fwp%2Fv2%2Fproduct_tag&post=268"}],"curies":[{"name":"wp","href":"https:\/\/api.w.org\/{rel}","templated":true}]}}