{"id":276,"date":"2025-02-12T19:48:29","date_gmt":"2025-02-12T19:48:29","guid":{"rendered":"https:\/\/smartphun.com\/?post_type=product&#038;p=276"},"modified":"2025-04-09T18:52:07","modified_gmt":"2025-04-09T18:52:07","slug":"coque-transparente-magsafe","status":"publish","type":"product","link":"https:\/\/smartphun.com\/?product=coque-transparente-magsafe","title":{"rendered":"Coque transparente MagSafe"},"content":{"rendered":"<p><strong>Coque transparente compatible MagSafe pour iPhone<\/strong><\/p>\n<p>Coque transparente en acrylique, compatible avec tous les accessoires MagSafe<br \/>\nCharge sans fil stable et rapide<br \/>\nConception en polycarbonate, mati\u00e8re plastique disposant d&rsquo;excellentes propri\u00e9t\u00e9s m\u00e9caniques et d&rsquo;une r\u00e9sistance thermique permettant une utilisation entre \u2212100 \u00b0C et 120 \u00b0C<\/p>\n","protected":false},"excerpt":{"rendered":"<p>Coque transparente compatible MagSafe pour iPhone Coque transparente en acrylique, compatible avec tous les accessoires MagSafe Charge sans fil stable et rapide Conception en polycarbonate, mati\u00e8re plastique disposant d&rsquo;excellentes propri\u00e9t\u00e9s m\u00e9caniques et d&rsquo;une r\u00e9sistance thermique permettant une utilisation entre \u2212100 \u00b0C et 120 \u00b0C<\/p>\n","protected":false},"featured_media":282,"comment_status":"open","ping_status":"closed","template":"","meta":[],"product_brand":[],"product_cat":[41],"product_tag":[],"class_list":{"0":"post-276","1":"product","2":"type-product","3":"status-publish","4":"has-post-thumbnail","6":"product_cat-coques","8":"first","9":"instock","10":"shipping-taxable","11":"purchasable","12":"product-type-simple"},"jetpack_sharing_enabled":true,"_links":{"self":[{"href":"https:\/\/smartphun.com\/index.php?rest_route=\/wp\/v2\/product\/276","targetHints":{"allow":["GET"]}}],"collection":[{"href":"https:\/\/smartphun.com\/index.php?rest_route=\/wp\/v2\/product"}],"about":[{"href":"https:\/\/smartphun.com\/index.php?rest_route=\/wp\/v2\/types\/product"}],"replies":[{"embeddable":true,"href":"https:\/\/smartphun.com\/index.php?rest_route=%2Fwp%2Fv2%2Fcomments&post=276"}],"wp:featuredmedia":[{"embeddable":true,"href":"https:\/\/smartphun.com\/index.php?rest_route=\/wp\/v2\/media\/282"}],"wp:attachment":[{"href":"https:\/\/smartphun.com\/index.php?rest_route=%2Fwp%2Fv2%2Fmedia&parent=276"}],"wp:term":[{"taxonomy":"product_brand","embeddable":true,"href":"https:\/\/smartphun.com\/index.php?rest_route=%2Fwp%2Fv2%2Fproduct_brand&post=276"},{"taxonomy":"product_cat","embeddable":true,"href":"https:\/\/smartphun.com\/index.php?rest_route=%2Fwp%2Fv2%2Fproduct_cat&post=276"},{"taxonomy":"product_tag","embeddable":true,"href":"https:\/\/smartphun.com\/index.php?rest_route=%2Fwp%2Fv2%2Fproduct_tag&post=276"}],"curies":[{"name":"wp","href":"https:\/\/api.w.org\/{rel}","templated":true}]}}