{"id":305,"date":"2025-03-15T18:05:58","date_gmt":"2025-03-15T18:05:58","guid":{"rendered":"https:\/\/smartphun.com\/?post_type=product&#038;p=305"},"modified":"2025-04-15T18:06:51","modified_gmt":"2025-04-15T18:06:51","slug":"gonfleur-de-pneu-electronique-portatif","status":"publish","type":"product","link":"https:\/\/smartphun.com\/?product=gonfleur-de-pneu-electronique-portatif","title":{"rendered":"Gonfleur de pneu \u00e9lectronique portatif"},"content":{"rendered":"<p>Gonfleur de pneu \u00e9lectronique portatif<\/p>\n<p>Permet de gonfler un pneu de v\u00e9lo, de moto, de voiture ou un ballon (embouts adapt\u00e9s fournis)<br \/>\nDimmensions : 13cm x 9,5cm x 6cm<br \/>\nVoltage : 12Vm\/7.4V\/2A<br \/>\nPlage de pression : 0.2~10.3bar\/3~150ps<br \/>\nLampe de secours int\u00e9gr\u00e9e<br \/>\nFonctionne sur batterie lithium int\u00e9gr\u00e9e rechargeable<\/p>\n","protected":false},"excerpt":{"rendered":"<p>Gonfleur de pneu \u00e9lectronique portatif Permet de gonfler un pneu de v\u00e9lo, de moto, de voiture ou un ballon (embouts adapt\u00e9s fournis) Dimmensions : 13cm x 9,5cm x 6cm Voltage : 12Vm\/7.4V\/2A Plage de pression : 0.2~10.3bar\/3~150ps Lampe de secours int\u00e9gr\u00e9e Fonctionne sur batterie lithium int\u00e9gr\u00e9e rechargeable<\/p>\n","protected":false},"featured_media":306,"comment_status":"open","ping_status":"closed","template":"","meta":[],"product_brand":[],"product_cat":[48],"product_tag":[],"class_list":{"0":"post-305","1":"product","2":"type-product","3":"status-publish","4":"has-post-thumbnail","6":"product_cat-exterieur","8":"first","9":"instock","10":"shipping-taxable","11":"purchasable","12":"product-type-simple"},"jetpack_sharing_enabled":true,"_links":{"self":[{"href":"https:\/\/smartphun.com\/index.php?rest_route=\/wp\/v2\/product\/305","targetHints":{"allow":["GET"]}}],"collection":[{"href":"https:\/\/smartphun.com\/index.php?rest_route=\/wp\/v2\/product"}],"about":[{"href":"https:\/\/smartphun.com\/index.php?rest_route=\/wp\/v2\/types\/product"}],"replies":[{"embeddable":true,"href":"https:\/\/smartphun.com\/index.php?rest_route=%2Fwp%2Fv2%2Fcomments&post=305"}],"wp:featuredmedia":[{"embeddable":true,"href":"https:\/\/smartphun.com\/index.php?rest_route=\/wp\/v2\/media\/306"}],"wp:attachment":[{"href":"https:\/\/smartphun.com\/index.php?rest_route=%2Fwp%2Fv2%2Fmedia&parent=305"}],"wp:term":[{"taxonomy":"product_brand","embeddable":true,"href":"https:\/\/smartphun.com\/index.php?rest_route=%2Fwp%2Fv2%2Fproduct_brand&post=305"},{"taxonomy":"product_cat","embeddable":true,"href":"https:\/\/smartphun.com\/index.php?rest_route=%2Fwp%2Fv2%2Fproduct_cat&post=305"},{"taxonomy":"product_tag","embeddable":true,"href":"https:\/\/smartphun.com\/index.php?rest_route=%2Fwp%2Fv2%2Fproduct_tag&post=305"}],"curies":[{"name":"wp","href":"https:\/\/api.w.org\/{rel}","templated":true}]}}