{"id":352,"date":"2025-04-15T16:46:06","date_gmt":"2025-04-15T16:46:06","guid":{"rendered":"https:\/\/smartphun.com\/?post_type=product&#038;p=352"},"modified":"2025-05-05T16:50:01","modified_gmt":"2025-05-05T16:50:01","slug":"support-laptop-ordinateur-portable-en-alliage-daluminium-pliable","status":"publish","type":"product","link":"https:\/\/smartphun.com\/?product=support-laptop-ordinateur-portable-en-alliage-daluminium-pliable","title":{"rendered":"Support laptop ordinateur portable en alliage d&rsquo;aluminium pliable"},"content":{"rendered":"<p>Support d&rsquo;ordinateur portable en alliage d&rsquo;aluminium<br \/>\nAlliage d&rsquo;aluminium<br \/>\nBords arrondis<br \/>\nAnti-d\u00e9rapants<br \/>\n6 angles d&rsquo;inclinaison<br \/>\nSupporte des laptops jusqu&rsquo;\u00e0 15,6 pouces<br \/>\nCouleur: argent\u00e9<br \/>\nLivr\u00e9 avec sac de transport<br \/>\nPoids: 300g<\/p>\n","protected":false},"excerpt":{"rendered":"<p>Support d&rsquo;ordinateur portable en alliage d&rsquo;aluminium Alliage d&rsquo;aluminium Bords arrondis Anti-d\u00e9rapants 6 angles d&rsquo;inclinaison Supporte des laptops jusqu&rsquo;\u00e0 15,6 pouces Couleur: argent\u00e9 Livr\u00e9 avec sac de transport Poids: 300g<\/p>\n","protected":false},"featured_media":353,"comment_status":"open","ping_status":"closed","template":"","meta":[],"product_brand":[],"product_cat":[50],"product_tag":[],"class_list":{"0":"post-352","1":"product","2":"type-product","3":"status-publish","4":"has-post-thumbnail","6":"product_cat-accessoires","8":"first","9":"instock","10":"shipping-taxable","11":"purchasable","12":"product-type-simple"},"jetpack_sharing_enabled":true,"_links":{"self":[{"href":"https:\/\/smartphun.com\/index.php?rest_route=\/wp\/v2\/product\/352","targetHints":{"allow":["GET"]}}],"collection":[{"href":"https:\/\/smartphun.com\/index.php?rest_route=\/wp\/v2\/product"}],"about":[{"href":"https:\/\/smartphun.com\/index.php?rest_route=\/wp\/v2\/types\/product"}],"replies":[{"embeddable":true,"href":"https:\/\/smartphun.com\/index.php?rest_route=%2Fwp%2Fv2%2Fcomments&post=352"}],"wp:featuredmedia":[{"embeddable":true,"href":"https:\/\/smartphun.com\/index.php?rest_route=\/wp\/v2\/media\/353"}],"wp:attachment":[{"href":"https:\/\/smartphun.com\/index.php?rest_route=%2Fwp%2Fv2%2Fmedia&parent=352"}],"wp:term":[{"taxonomy":"product_brand","embeddable":true,"href":"https:\/\/smartphun.com\/index.php?rest_route=%2Fwp%2Fv2%2Fproduct_brand&post=352"},{"taxonomy":"product_cat","embeddable":true,"href":"https:\/\/smartphun.com\/index.php?rest_route=%2Fwp%2Fv2%2Fproduct_cat&post=352"},{"taxonomy":"product_tag","embeddable":true,"href":"https:\/\/smartphun.com\/index.php?rest_route=%2Fwp%2Fv2%2Fproduct_tag&post=352"}],"curies":[{"name":"wp","href":"https:\/\/api.w.org\/{rel}","templated":true}]}}