{"id":373,"date":"2025-01-14T20:18:02","date_gmt":"2025-01-14T20:18:02","guid":{"rendered":"https:\/\/smartphun.com\/?post_type=product&#038;p=373"},"modified":"2025-05-14T20:18:55","modified_gmt":"2025-05-14T20:18:55","slug":"stabilisateur-pour-smartphone-zhiyun-smooth-5","status":"publish","type":"product","link":"https:\/\/smartphun.com\/?product=stabilisateur-pour-smartphone-zhiyun-smooth-5","title":{"rendered":"Stabilisateur pour smartphone Zhiyun Smooth 5"},"content":{"rendered":"<p class=\"p1\">SMOOTH 5 &#8211; filmez comme au cin\u00e9ma avec votre smartphone.<\/p>\n<p class=\"p1\">La conception \u00e0 3 axes conforme aux normes de l&rsquo;industrie permet aux mouvements dans tous les angles d&rsquo;\u00eatre \u00e9tonnamment fluides, m\u00eame dans les angles extr\u00eames. Profitez du panneau de contr\u00f4le complet, associ\u00e9 \u00e0 l&rsquo;application ZY Cami pour filmer tout ce que vous voulez, tout ce que vous faites et tout ce que vous aimez.<\/p>\n<p class=\"p1\">Stabilisateur 3 axes au standard de l&rsquo;industrie<\/p>\n<p class=\"p1\">Une conception standard \u00e0 3 axes avec une taille r\u00e9duite et des loquets d&rsquo;axe pratiques pour un rangement plus facile.<\/p>\n<p class=\"p1\">Le moteur est situ\u00e9 \u00e0 l&rsquo;arri\u00e8re pour \u00e9viter tout blocage pendant le tournage.<\/p>\n<p class=\"p1\">Offre des mouvements libres sous toutes les perspectives, m\u00eame dans les angles bas et super larges.<\/p>\n<p class=\"p1\">Puissantes performances des moteurs<\/p>\n<p class=\"p1\">Moteurs professionnels en acier magn\u00e9tique avec algorithme am\u00e9lior\u00e9. La pince \u00e0 t\u00e9l\u00e9phone plus large garantit une exp\u00e9rience cin\u00e9matographique plus s\u00fbre et plus facile. La forte compatibilit\u00e9 permet de monter un t\u00e9l\u00e9phone m\u00eame avec des objectifs externes.<\/p>\n<p class=\"p1\">Stabilisation de qualit\u00e9 professionnelle<\/p>\n<p class=\"p1\">Le SMOOTH 5 offre des performances anti boug\u00e9 en haute d\u00e9finition, pr\u00e9servant la qualit\u00e9 vid\u00e9o originale du smartphone. Ce stabilisateur permet des mouvements cin\u00e9matiques et cr\u00e9atifs pour la vid\u00e9o, offrant aux utilisateurs une exp\u00e9rience pour faire des films au smartphone comme des films de cin\u00e9ma.<\/p>\n<p class=\"p1\">Eclairez tout autour de vous<\/p>\n<p class=\"p1\">La pince du t\u00e9l\u00e9phone est dot\u00e9e de points de contact magn\u00e9tiques des deux c\u00f4t\u00e9s sur lesquels peuvent \u00eatre fix\u00e9s un maximum de deux lampes d&rsquo;appoint* de 300 lumens pour un \u00e9clairage complet \u00e0 360<\/p>\n<p class=\"p1\">* vendues s\u00e9par\u00e9ment<\/p>\n<p class=\"p1\">Des commandes sous les doigts<\/p>\n<p class=\"p1\">Le panneau de commande optimis\u00e9 et la molette de r\u00e9glage offrent aux utilisateurs une meilleure exp\u00e9rience pour v\u00e9rifier et r\u00e9gler l&rsquo;\u00e9tat de leur stabilisateur tout en modifiant les param\u00e8tres de la cam\u00e9ra \u00e0 la vol\u00e9e.<\/p>\n<p class=\"p1\">Utilisez le joystick pour contr\u00f4ler le mouvement \u00e0 une seule main.<\/p>\n<p class=\"p1\">Mode Portrait<\/p>\n<p class=\"p1\">Les bras d&rsquo;axes ont \u00e9t\u00e9 optimis\u00e9s pour \u00e9viter de cogner les smartphones les plus larges.<\/p>\n<p class=\"p1\">Bascule rapide en mode portrait.<\/p>\n<p class=\"p1\">Molette de contr\u00f4le polyvalente<\/p>\n<p class=\"p1\">Pressez pour passer du mode zoom au focus.<\/p>\n<p class=\"p1\">La molette permet d&rsquo;ajuster manuellement et pr\u00e9cis\u00e9ment la mise au point et la focale.<\/p>\n<p class=\"p1\">Mode Travelling compens\u00e9<\/p>\n<p class=\"p1\">Cr\u00e9ez facilement cet impressionnant effet avec l&rsquo;application ZY Cami<\/p>\n<p class=\"p1\">Modes de prise de vue<\/p>\n<p class=\"p1\">Faites pivoter la cam\u00e9ra \u00e0 360 avec le mode Vortex ou suivez \u00e0 la trace les d\u00e9placements rapides de votre sujet gr\u00e2ce au mode GO. Les modes Lock, POV, Pan Follow sont \u00e9galement disponibles.<\/p>\n<p class=\"p1\">Mode SMART<\/p>\n<p class=\"p1\">Suivez les instructions de d\u00e9placement du stabilisateur, b\u00e9n\u00e9ficiez de dizaines de mod\u00e8les pour r\u00e9aliser votre clip en y ajoutant des filtres, de la musique, des effets et m\u00eame des stickers.<\/p>\n<p class=\"p1\">Mode de Suivi<\/p>\n<p class=\"p1\">Maintenez votre sujet au centre du cadre.<\/p>\n<p class=\"p1\">Activez le suivi en pressant le bouton ou en d\u00e9finissant le sujet sur l&rsquo;\u00e9cran du smartphone.<\/p>\n<p class=\"p1\">Contr\u00f4le gestuel<\/p>\n<p class=\"p1\">Utilisez simplement un geste pour contr\u00f4ler \u00e0 distance le d\u00e9marrage de la prise de vue vid\u00e9o ou photo<\/p>\n<p class=\"p1\">Filmez Non Stop<\/p>\n<p class=\"p1\">Supporte la recharge rapide<\/p>\n<p class=\"p1\">Le temps d\u2019une recharge compl\u00e8te peut \u00eatre r\u00e9duit \u00e0 2 heures<\/p>\n<p class=\"p1\">Autonomie mini 4,5 heures<\/p>\n<p class=\"p1\">Utilisation possible d\u2019un powerbank pour alimentation en continu<\/p>\n<p class=\"p1\">Couleur : Noir<\/p>\n<p class=\"p1\">Dimensions : 311 x 138 x 52 mm<\/p>\n<p class=\"p1\">Poids maximum support\u00e9 (Kg) : 300 g<\/p>\n<p class=\"p1\">Poids du produit : 615 g<\/p>\n<p class=\"p1\">Hauteur du produit : 311 mm<\/p>\n<p class=\"p1\">Largeur du produit : 138 mm<\/p>\n<p>(LIVR\u00c9 SANS LES LAMPES)<\/p>\n","protected":false},"excerpt":{"rendered":"<p>SMOOTH 5 &#8211; filmez comme au cin\u00e9ma avec votre smartphone. La conception \u00e0 3 axes conforme aux normes de l&rsquo;industrie permet aux mouvements dans tous les angles d&rsquo;\u00eatre \u00e9tonnamment fluides, m\u00eame dans les angles extr\u00eames. Profitez du panneau de contr\u00f4le complet, associ\u00e9 \u00e0 l&rsquo;application ZY Cami pour filmer tout ce que vous voulez, tout ce [&#8230;]\n","protected":false},"featured_media":374,"comment_status":"open","ping_status":"closed","template":"","meta":[],"product_brand":[],"product_cat":[51],"product_tag":[],"class_list":{"0":"post-373","1":"product","2":"type-product","3":"status-publish","4":"has-post-thumbnail","6":"product_cat-accessoires-photo-video","8":"first","9":"instock","10":"shipping-taxable","11":"purchasable","12":"product-type-simple"},"jetpack_sharing_enabled":true,"_links":{"self":[{"href":"https:\/\/smartphun.com\/index.php?rest_route=\/wp\/v2\/product\/373","targetHints":{"allow":["GET"]}}],"collection":[{"href":"https:\/\/smartphun.com\/index.php?rest_route=\/wp\/v2\/product"}],"about":[{"href":"https:\/\/smartphun.com\/index.php?rest_route=\/wp\/v2\/types\/product"}],"replies":[{"embeddable":true,"href":"https:\/\/smartphun.com\/index.php?rest_route=%2Fwp%2Fv2%2Fcomments&post=373"}],"wp:featuredmedia":[{"embeddable":true,"href":"https:\/\/smartphun.com\/index.php?rest_route=\/wp\/v2\/media\/374"}],"wp:attachment":[{"href":"https:\/\/smartphun.com\/index.php?rest_route=%2Fwp%2Fv2%2Fmedia&parent=373"}],"wp:term":[{"taxonomy":"product_brand","embeddable":true,"href":"https:\/\/smartphun.com\/index.php?rest_route=%2Fwp%2Fv2%2Fproduct_brand&post=373"},{"taxonomy":"product_cat","embeddable":true,"href":"https:\/\/smartphun.com\/index.php?rest_route=%2Fwp%2Fv2%2Fproduct_cat&post=373"},{"taxonomy":"product_tag","embeddable":true,"href":"https:\/\/smartphun.com\/index.php?rest_route=%2Fwp%2Fv2%2Fproduct_tag&post=373"}],"curies":[{"name":"wp","href":"https:\/\/api.w.org\/{rel}","templated":true}]}}