{"id":381,"date":"2025-05-19T18:42:49","date_gmt":"2025-05-19T18:42:49","guid":{"rendered":"https:\/\/smartphun.com\/?post_type=product&#038;p=381"},"modified":"2025-05-19T19:52:22","modified_gmt":"2025-05-19T19:52:22","slug":"tondeuse-a-cheveux-electrique-pour-hommes","status":"publish","type":"product","link":"https:\/\/smartphun.com\/?product=tondeuse-a-cheveux-electrique-pour-hommes","title":{"rendered":"Tondeuse \u00e0 cheveux \u00e9lectrique pour hommes"},"content":{"rendered":"<div id=\"nav-specification\" class=\"specification--wrap--lxVQ2tj\" data-pl=\"product-specs\">\n<div class=\"specification--prop--Jh28bKu\">\n<div class=\"specification--desc--Dxx6W0W\" title=\"aucun\">\n<p>Tondeuse \u00e0 cheveux \u00e9lectrique pour hommes en metal<\/p>\n<p>Indicateur d&rsquo;autonomie et de charge. Convient \u00e0 tous types de cheveux. Longueur de coupe maximale 5-10mm. Longueur de coupe minimum mois de 0,5mm<\/p>\n<\/div>\n<\/div>\n<div class=\"specification--prop--Jh28bKu\">\n<div class=\"specification--title--SfH3sA8\">Temps de charge de la batterie : jusqu&rsquo;\u00e0 2 heures<\/div>\n<\/div>\n<div class=\"specification--prop--Jh28bKu\">\n<div class=\"specification--title--SfH3sA8\">Mat\u00e9riau de la lame : acier inoxydable<\/div>\n<\/div>\n<div class=\"specification--prop--Jh28bKu\">\n<div class=\"specification--title--SfH3sA8\">Autonomie de la batterie : plus de 90 minutes<\/div>\n<\/div>\n<div class=\"specification--prop--Jh28bKu\">\n<div class=\"specification--title--SfH3sA8\">Alimentation : fonctionne sur batterie ou sur secteur<\/div>\n<\/div>\n<div class=\"specification--prop--Jh28bKu\">\n<div class=\"specification--title--SfH3sA8\"><\/div>\n<\/div>\n<\/div>\n","protected":false},"excerpt":{"rendered":"<p>Tondeuse \u00e0 cheveux \u00e9lectrique pour hommes en metal Indicateur d&rsquo;autonomie et de charge. Convient \u00e0 tous types de cheveux. Longueur de coupe maximale 5-10mm. Longueur de coupe minimum mois de 0,5mm Temps de charge de la batterie : jusqu&rsquo;\u00e0 2 heures Mat\u00e9riau de la lame : acier inoxydable Autonomie de la batterie : plus de [&#8230;]\n","protected":false},"featured_media":387,"comment_status":"open","ping_status":"closed","template":"","meta":[],"product_brand":[],"product_cat":[52],"product_tag":[],"class_list":{"0":"post-381","1":"product","2":"type-product","3":"status-publish","4":"has-post-thumbnail","6":"product_cat-divers","8":"first","9":"instock","10":"shipping-taxable","11":"purchasable","12":"product-type-simple"},"jetpack_sharing_enabled":true,"_links":{"self":[{"href":"https:\/\/smartphun.com\/index.php?rest_route=\/wp\/v2\/product\/381","targetHints":{"allow":["GET"]}}],"collection":[{"href":"https:\/\/smartphun.com\/index.php?rest_route=\/wp\/v2\/product"}],"about":[{"href":"https:\/\/smartphun.com\/index.php?rest_route=\/wp\/v2\/types\/product"}],"replies":[{"embeddable":true,"href":"https:\/\/smartphun.com\/index.php?rest_route=%2Fwp%2Fv2%2Fcomments&post=381"}],"wp:featuredmedia":[{"embeddable":true,"href":"https:\/\/smartphun.com\/index.php?rest_route=\/wp\/v2\/media\/387"}],"wp:attachment":[{"href":"https:\/\/smartphun.com\/index.php?rest_route=%2Fwp%2Fv2%2Fmedia&parent=381"}],"wp:term":[{"taxonomy":"product_brand","embeddable":true,"href":"https:\/\/smartphun.com\/index.php?rest_route=%2Fwp%2Fv2%2Fproduct_brand&post=381"},{"taxonomy":"product_cat","embeddable":true,"href":"https:\/\/smartphun.com\/index.php?rest_route=%2Fwp%2Fv2%2Fproduct_cat&post=381"},{"taxonomy":"product_tag","embeddable":true,"href":"https:\/\/smartphun.com\/index.php?rest_route=%2Fwp%2Fv2%2Fproduct_tag&post=381"}],"curies":[{"name":"wp","href":"https:\/\/api.w.org\/{rel}","templated":true}]}}