{"id":390,"date":"2025-05-26T17:55:40","date_gmt":"2025-05-26T17:55:40","guid":{"rendered":"https:\/\/smartphun.com\/?post_type=product&#038;p=390"},"modified":"2025-05-26T18:15:27","modified_gmt":"2025-05-26T18:15:27","slug":"preamplificateur-micro-avec-alimentation-fantome-48v","status":"publish","type":"product","link":"https:\/\/smartphun.com\/?product=preamplificateur-micro-avec-alimentation-fantome-48v","title":{"rendered":"Preamplificateur micro avec alimentation fantome 48V"},"content":{"rendered":"<p data-spm-anchor-id=\"a2g0o.detail.1000023.i2.31cee1Zqe1ZqK6\">Durabilit\u00e9 et portabilit\u00e9: Le design robuste en noir m\u00e9tal de l&rsquo;enceinte assure une durabilit\u00e9 et une protection contre les interf\u00e9rences \u00e9lectromagn\u00e9tiques, tout en \u00e9tant l\u00e9ger et compact pour une facilit\u00e9 de transport. Ce pr\u00e9amplificateur de microphone est id\u00e9al pour les studios de production \u00e0 domicile, les podcasts et les flux en direct, offrant une solution de haute qualit\u00e9 et portable. ,Performance et qualit\u00e9 sonore:Le pr\u00e9amplificateur de microphone Black Metal Case est le choix id\u00e9al pour les professionnels de l&rsquo;enregistrement audio. Avec son circuit d&rsquo;amplification \u00e9quilibr\u00e9 et ses hauts de gain, il offre une amplification claire et transparente pour une exp\u00e9rience sonore sup\u00e9rieure. La pr\u00e9sence de 48V de puissance fant\u00f4me permet d&rsquo;utiliser une large gamme de microphones, y compris les mod\u00e8les populaires tels que SM7B et 55SH. ,<br \/>\nConception et compatibilit\u00e9:Ce pr\u00e9amplificateur de microphone est con\u00e7u pour une utilisation polyvalente, compatible avec les microphones dynamiques et condensateurs. Sa construction en alliage d&rsquo;aluminium noir assure une durabilit\u00e9 et une esth\u00e9tique \u00e9l\u00e9gante. La batterie int\u00e9gr\u00e9e en lithium polym\u00e8re offre une autonomie prolong\u00e9e, permettant des enregistrements sans interruption.<\/p>\n<p data-spm-anchor-id=\"a2g0o.detail.1000023.i2.31cee1Zqe1ZqK6\">Type d&rsquo;article : Pr\u00e9amplificateur de microphone<br \/>\nMateriau : Alliage d&rsquo;aluminium<br \/>\nCouleur : Noir<br \/>\nAlimentation : Batterie lithium polym\u00e8re (int\u00e9rieure), capacit\u00e9 1000 mAh<br \/>\nCircuit : Circuit d&rsquo;amplification \u00e9quilibr\u00e9<br \/>\nGain : 6,5 mm d&rsquo;entr\u00e9e de gain unidirectionnel de 22 db, gain XLR d&rsquo;entr\u00e9e de 27 db Puissance : 48V de puissance fant\u00f4me vers les microphones condensateurs<br \/>\nDur\u00e9e de fonctionnement : Plus de 10 heures avec micro dynamique, 3-5 heures avec micro condensateur (48V activ\u00e9)<br \/>\nAccessoires : C\u00e2ble de son, c\u00e2ble d&rsquo;alimentation USB<br \/>\nDimensions : 9,5 cm x 6,5 cm x 4,5 cm<\/p>\n<p>&nbsp;<\/p>\n","protected":false},"excerpt":{"rendered":"<p>Durabilit\u00e9 et portabilit\u00e9: Le design robuste en noir m\u00e9tal de l&rsquo;enceinte assure une durabilit\u00e9 et une protection contre les interf\u00e9rences \u00e9lectromagn\u00e9tiques, tout en \u00e9tant l\u00e9ger et compact pour une facilit\u00e9 de transport. Ce pr\u00e9amplificateur de microphone est id\u00e9al pour les studios de production \u00e0 domicile, les podcasts et les flux en direct, offrant une solution [&#8230;]\n","protected":false},"featured_media":397,"comment_status":"open","ping_status":"closed","template":"","meta":[],"product_brand":[],"product_cat":[45],"product_tag":[],"class_list":{"0":"post-390","1":"product","2":"type-product","3":"status-publish","4":"has-post-thumbnail","6":"product_cat-audio","8":"first","9":"instock","10":"shipping-taxable","11":"purchasable","12":"product-type-simple"},"jetpack_sharing_enabled":true,"_links":{"self":[{"href":"https:\/\/smartphun.com\/index.php?rest_route=\/wp\/v2\/product\/390","targetHints":{"allow":["GET"]}}],"collection":[{"href":"https:\/\/smartphun.com\/index.php?rest_route=\/wp\/v2\/product"}],"about":[{"href":"https:\/\/smartphun.com\/index.php?rest_route=\/wp\/v2\/types\/product"}],"replies":[{"embeddable":true,"href":"https:\/\/smartphun.com\/index.php?rest_route=%2Fwp%2Fv2%2Fcomments&post=390"}],"wp:featuredmedia":[{"embeddable":true,"href":"https:\/\/smartphun.com\/index.php?rest_route=\/wp\/v2\/media\/397"}],"wp:attachment":[{"href":"https:\/\/smartphun.com\/index.php?rest_route=%2Fwp%2Fv2%2Fmedia&parent=390"}],"wp:term":[{"taxonomy":"product_brand","embeddable":true,"href":"https:\/\/smartphun.com\/index.php?rest_route=%2Fwp%2Fv2%2Fproduct_brand&post=390"},{"taxonomy":"product_cat","embeddable":true,"href":"https:\/\/smartphun.com\/index.php?rest_route=%2Fwp%2Fv2%2Fproduct_cat&post=390"},{"taxonomy":"product_tag","embeddable":true,"href":"https:\/\/smartphun.com\/index.php?rest_route=%2Fwp%2Fv2%2Fproduct_tag&post=390"}],"curies":[{"name":"wp","href":"https:\/\/api.w.org\/{rel}","templated":true}]}}