{"id":428,"date":"2025-09-22T16:54:46","date_gmt":"2025-09-22T16:54:46","guid":{"rendered":"https:\/\/smartphun.com\/?post_type=product&#038;p=428"},"modified":"2025-09-22T17:21:27","modified_gmt":"2025-09-22T17:21:27","slug":"cable-displayport-vers-displayport-jusqua-16k-3-metres","status":"publish","type":"product","link":"https:\/\/smartphun.com\/?product=cable-displayport-vers-displayport-jusqua-16k-3-metres","title":{"rendered":"Cable Displayport vers Displayport jusqu&rsquo;\u00e0 16K 3 m\u00e8tres"},"content":{"rendered":"<p><strong>Cable Displayport vers Displayport jusqu&rsquo;\u00e0 16K 3 m\u00e8tres<\/strong><\/p>\n<p>C\u00e2ble Displayport 2.1<br \/>\n16K 30Hz<br \/>\n8K 12Hz\/60Hz<br \/>\n4K 240Hz<br \/>\n80Gbps<br \/>\nAudio et video<br \/>\nHDR<br \/>\nLongueur : 2 m\u00e8tres ou 3 m\u00e8tres<br \/>\nCouleur : Noir<\/p>\n","protected":false},"excerpt":{"rendered":"<p>Cable Displayport vers Displayport jusqu&rsquo;\u00e0 16K 3 m\u00e8tres C\u00e2ble Displayport 2.1 16K 30Hz 8K 12Hz\/60Hz 4K 240Hz 80Gbps Audio et video HDR Longueur : 2 m\u00e8tres ou 3 m\u00e8tres Couleur : Noir<\/p>\n","protected":false},"featured_media":433,"comment_status":"open","ping_status":"closed","template":"","meta":[],"product_brand":[],"product_cat":[18],"product_tag":[],"class_list":{"0":"post-428","1":"product","2":"type-product","3":"status-publish","4":"has-post-thumbnail","6":"product_cat-cables","8":"first","9":"instock","10":"shipping-taxable","11":"purchasable","12":"product-type-simple"},"jetpack_sharing_enabled":true,"_links":{"self":[{"href":"https:\/\/smartphun.com\/index.php?rest_route=\/wp\/v2\/product\/428","targetHints":{"allow":["GET"]}}],"collection":[{"href":"https:\/\/smartphun.com\/index.php?rest_route=\/wp\/v2\/product"}],"about":[{"href":"https:\/\/smartphun.com\/index.php?rest_route=\/wp\/v2\/types\/product"}],"replies":[{"embeddable":true,"href":"https:\/\/smartphun.com\/index.php?rest_route=%2Fwp%2Fv2%2Fcomments&post=428"}],"wp:featuredmedia":[{"embeddable":true,"href":"https:\/\/smartphun.com\/index.php?rest_route=\/wp\/v2\/media\/433"}],"wp:attachment":[{"href":"https:\/\/smartphun.com\/index.php?rest_route=%2Fwp%2Fv2%2Fmedia&parent=428"}],"wp:term":[{"taxonomy":"product_brand","embeddable":true,"href":"https:\/\/smartphun.com\/index.php?rest_route=%2Fwp%2Fv2%2Fproduct_brand&post=428"},{"taxonomy":"product_cat","embeddable":true,"href":"https:\/\/smartphun.com\/index.php?rest_route=%2Fwp%2Fv2%2Fproduct_cat&post=428"},{"taxonomy":"product_tag","embeddable":true,"href":"https:\/\/smartphun.com\/index.php?rest_route=%2Fwp%2Fv2%2Fproduct_tag&post=428"}],"curies":[{"name":"wp","href":"https:\/\/api.w.org\/{rel}","templated":true}]}}