{"id":473,"date":"2026-03-10T11:33:02","date_gmt":"2026-03-10T11:33:02","guid":{"rendered":"https:\/\/smartphun.com\/?post_type=product&#038;p=473"},"modified":"2026-03-10T11:49:35","modified_gmt":"2026-03-10T11:49:35","slug":"lot-de-10-pochettes-vinyle-de-remplacement","status":"publish","type":"product","link":"https:\/\/smartphun.com\/?product=lot-de-10-pochettes-vinyle-de-remplacement","title":{"rendered":"Lot de 10 pochettes vinyle de remplacement"},"content":{"rendered":"<p style=\"font-weight: 400;\"><span style=\"font-weight: 400;\"><b>Lot de 10 pochettes vinyle de remplacement<br \/>\n<\/b>Id\u00e9ales pour remplacer vos pochettes anim\u00e9es<b><\/b><\/span><\/p>\n<p>Caract\u00e9ristiques :<br \/>\n<span style=\"font-weight: 400;\">Fabriqu\u00e9 en papier kraft composite, pochette doubl\u00e9e de poly\u00e9thyl\u00e8ne, antistatique lourde, adapt\u00e9e aux disques LP.<br \/>\n<\/span><span style=\"font-weight: 400;\">Antistatique et anti-poussi\u00e8re.<\/span><\/p>\n<p style=\"font-weight: 400;\"><span style=\"font-weight: 400;\"><b>Sp\u00e9cification :<br \/>\n<\/b><\/span><span style=\"font-weight: 400;\">Nom : sacs en papier kraft composite.<br \/>\n<\/span><span style=\"font-weight: 400;\">Mat\u00e9riau : papier kraft composite.<br \/>\n<\/span><span style=\"font-weight: 400;\">Quantit\u00e9: 10 pi\u00e8ces\/ensemble<br \/>\n<\/span><span style=\"font-weight: 400;\">Ouverture centrale 8,5 cm<br \/>\n<\/span><span style=\"font-weight: 400;\">Dimensions: 31,3 x 31,3 cm<br \/>\nCouleur: Noir mat<\/span><\/p>\n<p>&nbsp;<\/p>\n","protected":false},"excerpt":{"rendered":"<p>Lot de 10 pochettes vinyle de remplacement Id\u00e9ales pour remplacer vos pochettes anim\u00e9es Caract\u00e9ristiques : Fabriqu\u00e9 en papier kraft composite, pochette doubl\u00e9e de poly\u00e9thyl\u00e8ne, antistatique lourde, adapt\u00e9e aux disques LP. Antistatique et anti-poussi\u00e8re. Sp\u00e9cification : Nom : sacs en papier kraft composite. Mat\u00e9riau : papier kraft composite. Quantit\u00e9: 10 pi\u00e8ces\/ensemble Ouverture centrale 8,5 cm Dimensions: [&#8230;]\n","protected":false},"featured_media":476,"comment_status":"open","ping_status":"closed","template":"","meta":[],"product_brand":[],"product_cat":[18],"product_tag":[],"class_list":{"0":"post-473","1":"product","2":"type-product","3":"status-publish","4":"has-post-thumbnail","6":"product_cat-cables","8":"first","9":"instock","10":"shipping-taxable","11":"purchasable","12":"product-type-simple"},"jetpack_sharing_enabled":true,"_links":{"self":[{"href":"https:\/\/smartphun.com\/index.php?rest_route=\/wp\/v2\/product\/473","targetHints":{"allow":["GET"]}}],"collection":[{"href":"https:\/\/smartphun.com\/index.php?rest_route=\/wp\/v2\/product"}],"about":[{"href":"https:\/\/smartphun.com\/index.php?rest_route=\/wp\/v2\/types\/product"}],"replies":[{"embeddable":true,"href":"https:\/\/smartphun.com\/index.php?rest_route=%2Fwp%2Fv2%2Fcomments&post=473"}],"wp:featuredmedia":[{"embeddable":true,"href":"https:\/\/smartphun.com\/index.php?rest_route=\/wp\/v2\/media\/476"}],"wp:attachment":[{"href":"https:\/\/smartphun.com\/index.php?rest_route=%2Fwp%2Fv2%2Fmedia&parent=473"}],"wp:term":[{"taxonomy":"product_brand","embeddable":true,"href":"https:\/\/smartphun.com\/index.php?rest_route=%2Fwp%2Fv2%2Fproduct_brand&post=473"},{"taxonomy":"product_cat","embeddable":true,"href":"https:\/\/smartphun.com\/index.php?rest_route=%2Fwp%2Fv2%2Fproduct_cat&post=473"},{"taxonomy":"product_tag","embeddable":true,"href":"https:\/\/smartphun.com\/index.php?rest_route=%2Fwp%2Fv2%2Fproduct_tag&post=473"}],"curies":[{"name":"wp","href":"https:\/\/api.w.org\/{rel}","templated":true}]}}