{"id":481,"date":"2026-03-18T21:10:12","date_gmt":"2026-03-18T21:10:12","guid":{"rendered":"https:\/\/smartphun.com\/?post_type=product&#038;p=481"},"modified":"2026-03-18T21:23:54","modified_gmt":"2026-03-18T21:23:54","slug":"cable-jack-male-male-3-5mm-fiches-coudees-90","status":"publish","type":"product","link":"https:\/\/smartphun.com\/?product=cable-jack-male-male-3-5mm-fiches-coudees-90","title":{"rendered":"Cable jack m\u00e2le\/m\u00e2le 3.5mm fiches coud\u00e9es 90\u00b0"},"content":{"rendered":"<p style=\"font-weight: 400;\"><span style=\"font-weight: 400;\"><b>Cable jack m\u00e2le\/m\u00e2le 3.5mm fiches coud\u00e9es 90\u00b0<br \/>\n<\/b>Ideal pour par exemple relier un micro \u00e0 une camera ou un appareil photo muni d&rsquo;une prise jack 3,5mm<br \/>\nLes 2 fiches sont coud\u00e9es \u00e0 90\u00b0 pour une r\u00e9sistance maximale.<br \/>\nNorme TRS<br \/>\nLongueur : 20 centim\u00e8tres.<br \/>\nCouleur : noire<b><\/b><\/span><\/p>\n<p>&nbsp;<\/p>\n","protected":false},"excerpt":{"rendered":"<p>Cable jack m\u00e2le\/m\u00e2le 3.5mm fiches coud\u00e9es 90\u00b0 Ideal pour par exemple relier un micro \u00e0 une camera ou un appareil photo muni d&rsquo;une prise jack 3,5mm Les 2 fiches sont coud\u00e9es \u00e0 90\u00b0 pour une r\u00e9sistance maximale. Norme TRS Longueur : 20 centim\u00e8tres. Couleur : noire &nbsp;<\/p>\n","protected":false},"featured_media":482,"comment_status":"open","ping_status":"closed","template":"","meta":[],"product_brand":[],"product_cat":[18],"product_tag":[],"class_list":{"0":"post-481","1":"product","2":"type-product","3":"status-publish","4":"has-post-thumbnail","6":"product_cat-cables","8":"first","9":"instock","10":"shipping-taxable","11":"purchasable","12":"product-type-simple"},"jetpack_sharing_enabled":true,"_links":{"self":[{"href":"https:\/\/smartphun.com\/index.php?rest_route=\/wp\/v2\/product\/481","targetHints":{"allow":["GET"]}}],"collection":[{"href":"https:\/\/smartphun.com\/index.php?rest_route=\/wp\/v2\/product"}],"about":[{"href":"https:\/\/smartphun.com\/index.php?rest_route=\/wp\/v2\/types\/product"}],"replies":[{"embeddable":true,"href":"https:\/\/smartphun.com\/index.php?rest_route=%2Fwp%2Fv2%2Fcomments&post=481"}],"wp:featuredmedia":[{"embeddable":true,"href":"https:\/\/smartphun.com\/index.php?rest_route=\/wp\/v2\/media\/482"}],"wp:attachment":[{"href":"https:\/\/smartphun.com\/index.php?rest_route=%2Fwp%2Fv2%2Fmedia&parent=481"}],"wp:term":[{"taxonomy":"product_brand","embeddable":true,"href":"https:\/\/smartphun.com\/index.php?rest_route=%2Fwp%2Fv2%2Fproduct_brand&post=481"},{"taxonomy":"product_cat","embeddable":true,"href":"https:\/\/smartphun.com\/index.php?rest_route=%2Fwp%2Fv2%2Fproduct_cat&post=481"},{"taxonomy":"product_tag","embeddable":true,"href":"https:\/\/smartphun.com\/index.php?rest_route=%2Fwp%2Fv2%2Fproduct_tag&post=481"}],"curies":[{"name":"wp","href":"https:\/\/api.w.org\/{rel}","templated":true}]}}